{"id":1408,"date":"2024-12-06T02:01:57","date_gmt":"2024-12-06T02:01:57","guid":{"rendered":"https:\/\/sandandstringsfest.com\/?page_id=1408"},"modified":"2024-12-06T02:23:27","modified_gmt":"2024-12-06T02:23:27","slug":"terms-conditions","status":"publish","type":"page","link":"https:\/\/sandandstringsfest.com\/es\/terms-conditions\/","title":{"rendered":"T\u00e9rminos y Pol\u00edticas"},"content":{"rendered":"<div class=\"wpb-content-wrapper\"><p>[vc_row full_width=\u00bbstretch_row\u00bb css=\u00bb.vc_custom_1732508739393{padding-top: 55px !important;padding-bottom: 55px !important;background-color: #2A2A2A !important;}\u00bb el_class=\u00bbrow-privacy-policy\u00bb][vc_column][vc_custom_heading text=\u00bbT\u00e9rminos y Pol\u00edticas\u00bb font_container=\u00bbtag:h2|text_align:center\u00bb css=\u00bb\u00bb el_class=\u00bbcolor-white\u00bb][vc_empty_space height=\u00bb35px\u00bb][vc_column_text css=\u00bb\u00bb el_class=\u00bbcolor-white col-privacy-policy font-lato\u00bb]<strong>Pol\u00edtica de reembolso<\/strong><\/p>\n<p>Los boletos no son reembolsables, excepto en caso de cancelaci\u00f3n del festival. En caso de condiciones clim\u00e1ticas severas u otras circunstancias imprevistas, el festival podr\u00e1 ser pospuesto. Si se reprograma, los boletos ser\u00e1n v\u00e1lidos para la nueva fecha y no se otorgar\u00e1n reembolsos, a menos que el evento sea cancelado en su totalidad.<\/p>\n<p><strong>Aviso de Salud<\/strong><\/p>\n<p>Sayulita es un destino vibrante con un entorno \u00fanico. Se recomienda a los asistentes tomar todas las precauciones necesarias para cuidar su salud. No se otorgar\u00e1n reembolsos debido a enfermedades, advertencias de viaje o preocupaciones de salud comunitaria, incluidas afecciones como malestares estomacales u otros problemas similares.<\/p>\n<p><strong>Transferencia de Boletos<\/strong><\/p>\n<p>Los boletos son transferibles. Si no puedes asistir, puedes transferir tu boleto a otra persona contact\u00e1ndonos al menos 24 horas antes del evento.<\/p>\n<p><strong>Reglas del Festival y Exenci\u00f3n de Responsabilidad<\/strong><\/p>\n<p>Al comprar un boleto, los asistentes aceptan cumplir con todas las reglas y regulaciones del festival. Sand &amp; Strings Music Festival no se hace responsable de lesiones personales, objetos perdidos o robados, ni de da\u00f1os ocurridos en las instalaciones del festival. Los asistentes ingresan al evento bajo su propio riesgo.<\/p>\n<p><strong>C\u00f3digo de Conducta<\/strong><\/p>\n<p>Estamos comprometidos a fomentar un ambiente seguro y acogedor para todos. No se tolerar\u00e1 un comportamiento disruptivo, peligroso o irrespetuoso. Los infractores podr\u00e1n ser retirados del evento sin derecho a reembolso.<\/p>\n<p><strong>Derechos de Fotograf\u00eda y Video<\/strong><\/p>\n<p>Al asistir a Sand &amp; Strings Music Festival, aceptas ser fotografiado, filmado o grabado. El festival se reserva el derecho de utilizar cualquier imagen o grabaci\u00f3n con fines promocionales, de marketing o informativos.<\/p>\n<p><strong>Pol\u00edtica de Alcohol<\/strong><\/p>\n<p>Habr\u00e1 alcohol disponible para su compra por parte de asistentes mayores de edad. Se espera que todos consuman alcohol de manera responsable. Sand &amp; Strings Music Festival y sus proveedores no son responsables de incidentes o consecuencias relacionadas con el consumo de alcohol.<\/p>\n<p><strong>Asistencia de Ni\u00f1os<\/strong><\/p>\n<p>Sand &amp; Strings Music Festival es un evento para toda la familia. Sin embargo, los ni\u00f1os deben estar supervisados en todo momento. El festival no se hace responsable de la seguridad o supervisi\u00f3n de menores.<br \/>\nT\u00e9rminos y Pol\u00edticas[\/vc_column_text][\/vc_column][\/vc_row]<\/p>\n<\/div>","protected":false},"excerpt":{"rendered":"<p>[vc_row full_width=\u00bbstretch_row\u00bb css=\u00bb.vc_custom_1732508739393{padding-top: 55px !important;padding-bottom: 55px !important;background-color: #2A2A2A !important;}\u00bb el_class=\u00bbrow-privacy-policy\u00bb][vc_column][vc_custom_heading text=\u00bbT\u00e9rminos y Pol\u00edticas\u00bb font_container=\u00bbtag:h2|text_align:center\u00bb css=\u00bb\u00bb el_class=\u00bbcolor-white\u00bb][vc_empty_space height=\u00bb35px\u00bb][vc_column_text css=\u00bb\u00bb el_class=\u00bbcolor-white col-privacy-policy font-lato\u00bb]Pol\u00edtica de reembolso Los boletos no son reembolsables, excepto en caso de cancelaci\u00f3n del festival. En caso de condiciones clim\u00e1ticas severas u otras circunstancias imprevistas, el festival podr\u00e1 ser pospuesto. Si se reprograma, los boletos [&hellip;]<\/p>\n","protected":false},"author":2,"featured_media":0,"parent":0,"menu_order":0,"comment_status":"closed","ping_status":"closed","template":"","meta":{"inline_featured_image":false,"ocean_post_layout":"","ocean_both_sidebars_style":"","ocean_both_sidebars_content_width":0,"ocean_both_sidebars_sidebars_width":0,"ocean_sidebar":"0","ocean_second_sidebar":"0","ocean_disable_margins":"enable","ocean_add_body_class":"","ocean_shortcode_before_top_bar":"","ocean_shortcode_after_top_bar":"","ocean_shortcode_before_header":"","ocean_shortcode_after_header":"","ocean_has_shortcode":"","ocean_shortcode_after_title":"","ocean_shortcode_before_footer_widgets":"","ocean_shortcode_after_footer_widgets":"","ocean_shortcode_before_footer_bottom":"","ocean_shortcode_after_footer_bottom":"","ocean_display_top_bar":"default","ocean_display_header":"default","ocean_header_style":"","ocean_center_header_left_menu":"0","ocean_custom_header_template":"0","ocean_custom_logo":0,"ocean_custom_retina_logo":0,"ocean_custom_logo_max_width":0,"ocean_custom_logo_tablet_max_width":0,"ocean_custom_logo_mobile_max_width":0,"ocean_custom_logo_max_height":0,"ocean_custom_logo_tablet_max_height":0,"ocean_custom_logo_mobile_max_height":0,"ocean_header_custom_menu":"0","ocean_menu_typo_font_family":"0","ocean_menu_typo_font_subset":"","ocean_menu_typo_font_size":0,"ocean_menu_typo_font_size_tablet":0,"ocean_menu_typo_font_size_mobile":0,"ocean_menu_typo_font_size_unit":"px","ocean_menu_typo_font_weight":"","ocean_menu_typo_font_weight_tablet":"","ocean_menu_typo_font_weight_mobile":"","ocean_menu_typo_transform":"","ocean_menu_typo_transform_tablet":"","ocean_menu_typo_transform_mobile":"","ocean_menu_typo_line_height":0,"ocean_menu_typo_line_height_tablet":0,"ocean_menu_typo_line_height_mobile":0,"ocean_menu_typo_line_height_unit":"","ocean_menu_typo_spacing":0,"ocean_menu_typo_spacing_tablet":0,"ocean_menu_typo_spacing_mobile":0,"ocean_menu_typo_spacing_unit":"","ocean_menu_link_color":"","ocean_menu_link_color_hover":"","ocean_menu_link_color_active":"","ocean_menu_link_background":"","ocean_menu_link_hover_background":"","ocean_menu_link_active_background":"","ocean_menu_social_links_bg":"","ocean_menu_social_hover_links_bg":"","ocean_menu_social_links_color":"","ocean_menu_social_hover_links_color":"","ocean_disable_title":"default","ocean_disable_heading":"default","ocean_post_title":"","ocean_post_subheading":"","ocean_post_title_style":"","ocean_post_title_background_color":"","ocean_post_title_background":0,"ocean_post_title_bg_image_position":"","ocean_post_title_bg_image_attachment":"","ocean_post_title_bg_image_repeat":"","ocean_post_title_bg_image_size":"","ocean_post_title_height":0,"ocean_post_title_bg_overlay":0.5,"ocean_post_title_bg_overlay_color":"","ocean_disable_breadcrumbs":"default","ocean_breadcrumbs_color":"","ocean_breadcrumbs_separator_color":"","ocean_breadcrumbs_links_color":"","ocean_breadcrumbs_links_hover_color":"","ocean_display_footer_widgets":"default","ocean_display_footer_bottom":"default","ocean_custom_footer_template":"0","footnotes":""},"class_list":["post-1408","page","type-page","status-publish","hentry","entry"],"acf":[],"_links":{"self":[{"href":"https:\/\/sandandstringsfest.com\/es\/wp-json\/wp\/v2\/pages\/1408","targetHints":{"allow":["GET"]}}],"collection":[{"href":"https:\/\/sandandstringsfest.com\/es\/wp-json\/wp\/v2\/pages"}],"about":[{"href":"https:\/\/sandandstringsfest.com\/es\/wp-json\/wp\/v2\/types\/page"}],"author":[{"embeddable":true,"href":"https:\/\/sandandstringsfest.com\/es\/wp-json\/wp\/v2\/users\/2"}],"replies":[{"embeddable":true,"href":"https:\/\/sandandstringsfest.com\/es\/wp-json\/wp\/v2\/comments?post=1408"}],"version-history":[{"count":2,"href":"https:\/\/sandandstringsfest.com\/es\/wp-json\/wp\/v2\/pages\/1408\/revisions"}],"predecessor-version":[{"id":1411,"href":"https:\/\/sandandstringsfest.com\/es\/wp-json\/wp\/v2\/pages\/1408\/revisions\/1411"}],"wp:attachment":[{"href":"https:\/\/sandandstringsfest.com\/es\/wp-json\/wp\/v2\/media?parent=1408"}],"curies":[{"name":"wp","href":"https:\/\/api.w.org\/{rel}","templated":true}]}}