{"id":1191,"date":"2023-08-31T09:10:04","date_gmt":"2023-08-31T09:10:04","guid":{"rendered":"https:\/\/sandandstringsfest.com\/?page_id=1191"},"modified":"2024-12-07T01:47:39","modified_gmt":"2024-12-07T01:47:39","slug":"venue-info","status":"publish","type":"page","link":"https:\/\/sandandstringsfest.com\/es\/venue-info\/","title":{"rendered":"EL LUGAR"},"content":{"rendered":"<div class=\"wpb-content-wrapper\"><p>[vc_row full_width=\u00bbstretch_row\u00bb css=\u00bb.vc_custom_1732431884722{background-color: #E8C082 !important;background-position: 0 0 !important;background-repeat: repeat !important;}\u00bb el_class=\u00bbrow-the-venue\u00bb][vc_column][vc_custom_heading text=\u00bbEL LUGAR\u00bb font_container=\u00bbtag:h2|font_size:42|text_align:center\u00bb use_theme_fonts=\u00bbyes\u00bb css=\u00bb.vc_custom_1732777353780{margin-bottom: 25px !important;}\u00bb][vc_column_text css=\u00bb\u00bb el_class=\u00bbtext-max-width-735 text-center\u00bb]El <strong>Estadio de Beisbol de Sayulita<\/strong> es un amplio campo abierto ubicado en el centro de Sayulita. El recinto se encuentra a una cuadra de la playa, as\u00ed como de docenas de restaurantes, hoteles y servicios.[\/vc_column_text][vc_empty_space height=\u00bb40px\u00bb][vc_single_image image=\u00bb1035&#8243; img_size=\u00bbfull\u00bb alignment=\u00bbcenter\u00bb css=\u00bb\u00bb][vc_column_text css=\u00bb\u00bb el_class=\u00bbtext-max-width-735 text-center\u00bb]Creemos que el Estadio de B\u00e9isbol de Sayulita es el coraz\u00f3n del pueblo, ya que adem\u00e1s de estar ubicado en su centro, es casa de el equipo semi-profesional llamado Los Jaibos de Sayulita y su organizaci\u00f3n de Little League Los Jaibitos. Una de nuestras misiones es colobarar con el desarrollo de este pillar de la comunidad.[\/vc_column_text][vc_empty_space height=\u00bb40px\u00bb][vc_single_image image=\u00bb1323&#8243; img_size=\u00bbfull\u00bb alignment=\u00bbcenter\u00bb css=\u00bb.vc_custom_1733279069790{margin-bottom: 0px !important;}\u00bb][vc_row_inner equal_height=\u00bbyes\u00bb disable_element=\u00bbyes\u00bb css=\u00bb.vc_custom_1733278954516{margin-top: 15px !important;}\u00bb el_class=\u00bbrow-inner-img\u00bb][vc_column_inner el_class=\u00bbcolumn-left\u00bb width=\u00bb1\/2&#8243; offset=\u00bbvc_col-xs-4&#8243; css=\u00bb.vc_custom_1695032703230{padding-right: 10px !important;}\u00bb][vc_single_image image=\u00bb1040&#8243; img_size=\u00bbfull\u00bb alignment=\u00bbcenter\u00bb css=\u00bb.vc_custom_1732586784077{margin-bottom: 0px !important;}\u00bb][\/vc_column_inner][vc_column_inner el_class=\u00bbcolumn-right\u00bb width=\u00bb1\/2&#8243; offset=\u00bbvc_col-xs-8&#8243; css=\u00bb.vc_custom_1695032711080{padding-left: 5px !important;}\u00bb][vc_single_image image=\u00bb1039&#8243; img_size=\u00bbfull\u00bb css=\u00bb.vc_custom_1732586767791{margin-bottom: 0px !important;}\u00bb][\/vc_column_inner][\/vc_row_inner][vc_empty_space height=\u00bb55px\u00bb][vc_custom_heading text=\u00bbMAPA del festival\u00bb font_container=\u00bbtag:h2|font_size:42|text_align:center\u00bb use_theme_fonts=\u00bbyes\u00bb css=\u00bb\u00bb][vc_empty_space height=\u00bb40px\u00bb][vc_column_text css=\u00bb\u00bb el_class=\u00bbtext-max-width-735 text-center\u00bb]<strong>Sand &amp; Strings Music Festival<\/strong> contar\u00e1 con dos escenarios en la esquina del jard\u00edn izquierdo. A lo largo del recinto del festival, los asistentes encontrar\u00e1n puestos de comida y bebida, ba\u00f1os, un <strong>puesto de mercanc\u00eda y un \u00e1rea de juegos para ni\u00f1os con actividades de arte, manualidades y actividades relacionadas con el b\u00e9isbol<\/strong>.[\/vc_column_text][vc_empty_space height=\u00bb40px\u00bb][vc_single_image image=\u00bb1329&#8243; img_size=\u00bbfull\u00bb alignment=\u00bbcenter\u00bb css=\u00bb\u00bb][\/vc_column][\/vc_row]<\/p>\n<\/div>","protected":false},"excerpt":{"rendered":"<p>[vc_row full_width=\u00bbstretch_row\u00bb css=\u00bb.vc_custom_1732431884722{background-color: #E8C082 !important;background-position: 0 0 !important;background-repeat: repeat !important;}\u00bb el_class=\u00bbrow-the-venue\u00bb][vc_column][vc_custom_heading text=\u00bbEL LUGAR\u00bb font_container=\u00bbtag:h2|font_size:42|text_align:center\u00bb use_theme_fonts=\u00bbyes\u00bb css=\u00bb.vc_custom_1732777353780{margin-bottom: 25px !important;}\u00bb][vc_column_text css=\u00bb\u00bb el_class=\u00bbtext-max-width-735 text-center\u00bb]El Estadio de Beisbol de Sayulita es un amplio campo abierto ubicado en el centro de Sayulita. El recinto se encuentra a una cuadra de la playa, as\u00ed como de docenas de restaurantes, hoteles y [&hellip;]<\/p>\n","protected":false},"author":2,"featured_media":0,"parent":0,"menu_order":0,"comment_status":"closed","ping_status":"closed","template":"","meta":{"inline_featured_image":false,"ocean_post_layout":"","ocean_both_sidebars_style":"","ocean_both_sidebars_content_width":0,"ocean_both_sidebars_sidebars_width":0,"ocean_sidebar":"0","ocean_second_sidebar":"0","ocean_disable_margins":"enable","ocean_add_body_class":"","ocean_shortcode_before_top_bar":"","ocean_shortcode_after_top_bar":"","ocean_shortcode_before_header":"","ocean_shortcode_after_header":"","ocean_has_shortcode":"","ocean_shortcode_after_title":"","ocean_shortcode_before_footer_widgets":"","ocean_shortcode_after_footer_widgets":"","ocean_shortcode_before_footer_bottom":"","ocean_shortcode_after_footer_bottom":"","ocean_display_top_bar":"default","ocean_display_header":"default","ocean_header_style":"","ocean_center_header_left_menu":"0","ocean_custom_header_template":"0","ocean_custom_logo":0,"ocean_custom_retina_logo":0,"ocean_custom_logo_max_width":0,"ocean_custom_logo_tablet_max_width":0,"ocean_custom_logo_mobile_max_width":0,"ocean_custom_logo_max_height":0,"ocean_custom_logo_tablet_max_height":0,"ocean_custom_logo_mobile_max_height":0,"ocean_header_custom_menu":"0","ocean_menu_typo_font_family":"0","ocean_menu_typo_font_subset":"","ocean_menu_typo_font_size":0,"ocean_menu_typo_font_size_tablet":0,"ocean_menu_typo_font_size_mobile":0,"ocean_menu_typo_font_size_unit":"px","ocean_menu_typo_font_weight":"","ocean_menu_typo_font_weight_tablet":"","ocean_menu_typo_font_weight_mobile":"","ocean_menu_typo_transform":"","ocean_menu_typo_transform_tablet":"","ocean_menu_typo_transform_mobile":"","ocean_menu_typo_line_height":0,"ocean_menu_typo_line_height_tablet":0,"ocean_menu_typo_line_height_mobile":0,"ocean_menu_typo_line_height_unit":"","ocean_menu_typo_spacing":0,"ocean_menu_typo_spacing_tablet":0,"ocean_menu_typo_spacing_mobile":0,"ocean_menu_typo_spacing_unit":"","ocean_menu_link_color":"","ocean_menu_link_color_hover":"","ocean_menu_link_color_active":"","ocean_menu_link_background":"","ocean_menu_link_hover_background":"","ocean_menu_link_active_background":"","ocean_menu_social_links_bg":"","ocean_menu_social_hover_links_bg":"","ocean_menu_social_links_color":"","ocean_menu_social_hover_links_color":"","ocean_disable_title":"default","ocean_disable_heading":"default","ocean_post_title":"","ocean_post_subheading":"","ocean_post_title_style":"","ocean_post_title_background_color":"","ocean_post_title_background":0,"ocean_post_title_bg_image_position":"","ocean_post_title_bg_image_attachment":"","ocean_post_title_bg_image_repeat":"","ocean_post_title_bg_image_size":"","ocean_post_title_height":0,"ocean_post_title_bg_overlay":0.5,"ocean_post_title_bg_overlay_color":"","ocean_disable_breadcrumbs":"default","ocean_breadcrumbs_color":"","ocean_breadcrumbs_separator_color":"","ocean_breadcrumbs_links_color":"","ocean_breadcrumbs_links_hover_color":"","ocean_display_footer_widgets":"default","ocean_display_footer_bottom":"default","ocean_custom_footer_template":"1216","footnotes":""},"class_list":["post-1191","page","type-page","status-publish","hentry","entry"],"acf":[],"_links":{"self":[{"href":"https:\/\/sandandstringsfest.com\/es\/wp-json\/wp\/v2\/pages\/1191","targetHints":{"allow":["GET"]}}],"collection":[{"href":"https:\/\/sandandstringsfest.com\/es\/wp-json\/wp\/v2\/pages"}],"about":[{"href":"https:\/\/sandandstringsfest.com\/es\/wp-json\/wp\/v2\/types\/page"}],"author":[{"embeddable":true,"href":"https:\/\/sandandstringsfest.com\/es\/wp-json\/wp\/v2\/users\/2"}],"replies":[{"embeddable":true,"href":"https:\/\/sandandstringsfest.com\/es\/wp-json\/wp\/v2\/comments?post=1191"}],"version-history":[{"count":7,"href":"https:\/\/sandandstringsfest.com\/es\/wp-json\/wp\/v2\/pages\/1191\/revisions"}],"predecessor-version":[{"id":1433,"href":"https:\/\/sandandstringsfest.com\/es\/wp-json\/wp\/v2\/pages\/1191\/revisions\/1433"}],"wp:attachment":[{"href":"https:\/\/sandandstringsfest.com\/es\/wp-json\/wp\/v2\/media?parent=1191"}],"curies":[{"name":"wp","href":"https:\/\/api.w.org\/{rel}","templated":true}]}}