{"id":1187,"date":"2023-08-31T08:41:44","date_gmt":"2023-08-31T08:41:44","guid":{"rendered":"https:\/\/sandandstringsfest.com\/?page_id=1187"},"modified":"2024-12-04T04:43:24","modified_gmt":"2024-12-04T04:43:24","slug":"privacy-policy","status":"publish","type":"page","link":"https:\/\/sandandstringsfest.com\/es\/privacy-policy\/","title":{"rendered":"POL\u00cdTICA DE PRIVACIDAD"},"content":{"rendered":"<div class=\"wpb-content-wrapper\"><p>[vc_row full_width=\u00bbstretch_row\u00bb css=\u00bb.vc_custom_1732508739393{padding-top: 55px !important;padding-bottom: 55px !important;background-color: #2A2A2A !important;}\u00bb el_class=\u00bbrow-privacy-policy\u00bb][vc_column][vc_custom_heading text=\u00bbPOL\u00cdTICA DE PRIVACIDAD\u00bb font_container=\u00bbtag:h2|text_align:center\u00bb css=\u00bb\u00bb el_class=\u00bbcolor-white\u00bb][vc_empty_space height=\u00bb35px\u00bb][vc_column_text css=\u00bb\u00bb el_class=\u00bbcolor-white col-privacy-policy font-lato\u00bb]<strong>Introducci\u00f3n<\/strong><\/p>\n<p>Esta pol\u00edtica establece c\u00f3mo recopilamos, procesamos y conservamos tus datos personales si visitas nuestra tienda de boletos para eventos o si nos proporcionas tus datos personales de alguna otra manera. Somos <strong>Sand &amp; Strings Music Festival, LLC<\/strong>, ubicada en 562 West Road, New Canaan, CT 06840. Somos el controlador de datos de tu informaci\u00f3n personal.<\/p>\n<p>Esta pol\u00edtica afecta tus derechos legales, por lo que te pedimos que la leas detenidamente. Si tienes alguna pregunta, cont\u00e1ctanos en <a href=\"mailto:sandandstringsfest@gmail.com\"><strong>sandandstringsfest@gmail.com<\/strong><\/a> o ll\u00e1manos al <strong>+52 322 158 6265<\/strong>.<\/p>\n<p><strong>Datos personales que recopilamos<\/strong><\/p>\n<p>Recopilamos, procesamos, almacenamos y usamos datos personales cuando reservas un boleto o compras cualquiera de nuestros productos y servicios asociados a un evento, incluyendo tu nombre, direcci\u00f3n y correo electr\u00f3nico, junto con la informaci\u00f3n de pago. Tambi\u00e9n podemos recopilar datos personales que nos proporciones sobre otras personas si las registras para asistir a un evento. Aceptas que has notificado a cualquier otra persona cuyos datos personales nos proporciones sobre este aviso de privacidad y, cuando sea necesario, has obtenido su consentimiento para que podamos procesar legalmente sus datos personales de acuerdo con esta pol\u00edtica.<\/p>\n<p>Todos los datos personales que nos proporciones deben ser verdaderos, completos y precisos. Si nos proporcionas datos inexactos o falsos, y sospechamos o identificamos fraude, lo registraremos.<\/p>\n<p>No necesitas proporcionarnos ning\u00fan dato personal para ver nuestra tienda de boletos para eventos. Sin embargo, podemos seguir recopilando la informaci\u00f3n descrita en la secci\u00f3n Datos que recopilamos autom\u00e1ticamente de esta pol\u00edtica, y las comunicaciones de marketing de acuerdo con la secci\u00f3n Comunicaciones de Marketing de esta pol\u00edtica.<br \/>\nCuando te comuniques con nosotros por correo electr\u00f3nico o correo postal, podemos guardar un registro de la correspondencia y tambi\u00e9n podemos grabar cualquier llamada telef\u00f3nica que tengamos contigo.<\/p>\n<p><strong>Datos que recopilamos autom\u00e1ticamente<\/strong><\/p>\n<p>Cuando visitas nuestra tienda de boletos para eventos, nosotros, o terceros en nuestro nombre, recopilamos y almacenamos autom\u00e1ticamente informaci\u00f3n sobre tu dispositivo y tus actividades. Esta informaci\u00f3n podr\u00eda incluir (a) el n\u00famero de identificaci\u00f3n \u00fanico de tu computadora u otro dispositivo; (b) informaci\u00f3n t\u00e9cnica sobre tu dispositivo, como el tipo de dispositivo, navegador web o sistema operativo; (c) tus preferencias y configuraciones, como la zona horaria y el idioma; y (d) datos estad\u00edsticos sobre tus acciones y patrones de navegaci\u00f3n. Recopilamos esta informaci\u00f3n mediante cookies de acuerdo con la secci\u00f3n de Cookies de esta pol\u00edtica y usamos la informaci\u00f3n que recopilamos de manera an\u00f3nima para mejorar nuestra tienda de boletos para eventos, nuestros eventos y los productos y servicios que ofrecemos, y con fines anal\u00edticos y de investigaci\u00f3n.<\/p>\n<p><strong>Comunicaciones de Marketing<\/strong><\/p>\n<p>Es necesario para nuestros intereses leg\u00edtimos usar tus datos personales para enviarte comunicaciones de marketing, que pueden incluir boletines informativos, publicaciones de blog, encuestas e informaci\u00f3n sobre nuevos eventos.<\/p>\n<p>Puedes optar por dejar de recibir comunicaciones de marketing contact\u00e1ndonos en sandandstringsfest@gmail.com o haciendo clic en \u00abcancelar suscripci\u00f3n\u00bb en un correo electr\u00f3nico de marketing. Si te das de baja de las comunicaciones de marketing, puede tomar hasta 5 d\u00edas h\u00e1biles para que tus nuevas preferencias entren en vigencia. Por lo tanto, conservaremos tus datos personales en nuestros registros con fines de marketing hasta que nos notifiques que ya no deseas recibir correos electr\u00f3nicos de marketing de nosotros.<\/p>\n<p><strong>Procesamiento legal de tus datos personales<\/strong><\/p>\n<p>Usaremos tus datos personales para cumplir con nuestra obligaci\u00f3n contractual de proporcionarte tus boletos para un evento y cualquier producto o servicio asociado, incluyendo contactarte con cualquier informaci\u00f3n relacionada con el evento o tus compras, entregar el evento y tus compras de acuerdo con las solicitudes que hagas y que aceptemos, y atender cualquier pregunta, comentario o queja que tengas en relaci\u00f3n con el evento o tus compras.<\/p>\n<p>Tambi\u00e9n podemos usar tus datos personales para nuestros intereses leg\u00edtimos, incluyendo atender cualquier servicio al cliente que necesites, hacer cumplir los t\u00e9rminos de cualquier otro acuerdo entre nosotros, con fines regulatorios y legales (por ejemplo, contra el lavado de dinero), para fines de auditor\u00eda y para contactarte sobre cambios en esta pol\u00edtica.<\/p>\n<p><strong>\u00bfCon qui\u00e9n compartimos tus datos?<\/strong><\/p>\n<p>Podemos compartir tus datos personales con proveedores de servicios, subcontratistas y agentes que podamos designar para realizar funciones en nuestro nombre y de acuerdo con nuestras instrucciones, incluyendo proveedores de pago, proveedores de boletos para eventos, proveedores de comunicaci\u00f3n por correo electr\u00f3nico, proveedores de servicios de TI, contadores, auditores y abogados.<\/p>\n<p>En determinadas circunstancias, podemos tener que divulgar tus datos personales seg\u00fan las leyes y\/o regulaciones aplicables, por ejemplo, como parte de procesos contra el lavado de dinero o para proteger los derechos, la propiedad o la seguridad de un tercero.<br \/>\nTambi\u00e9n podemos compartir tus datos personales en relaci\u00f3n con, o durante las negociaciones de, cualquier fusi\u00f3n, venta de activos, consolidaci\u00f3n o reestructuraci\u00f3n, financiamiento o adquisici\u00f3n de la totalidad o una parte de nuestro negocio por o en otra empresa.<\/p>\n<p><strong>D\u00f3nde almacenamos y procesamos tus datos personales<\/strong><\/p>\n<p>Parte o la totalidad de tus datos personales pueden almacenarse o transferirse fuera de EE. UU. o M\u00e9xico por cualquier motivo, por ejemplo, si nuestro servidor de correo electr\u00f3nico est\u00e1 ubicado en un pa\u00eds fuera de EE. UU. o M\u00e9xico o si alguno de nuestros proveedores de servicios o sus servidores est\u00e1n ubicados fuera de EE. UU. o M\u00e9xico. Solo transferiremos tus datos personales a organizaciones que hayan proporcionado garant\u00edas adecuadas en relaci\u00f3n con tus datos personales.<\/p>\n<p><strong>Cookies<\/strong><\/p>\n<p>Una cookie es un peque\u00f1o archivo de texto que contiene un n\u00famero de identificaci\u00f3n \u00fanico que se transfiere (a trav\u00e9s de tu navegador) desde un sitio web al disco duro de tu computadora. La cookie identifica tu navegador, pero no permitir\u00e1 que un sitio web sepa tu nombre y\/o direcci\u00f3n. Estos archivos son utilizados por los sitios web para identificar cuando los usuarios vuelven a visitar ese sitio.<\/p>\n<p>Nuestra tienda de boletos para eventos utiliza cookies para que podamos reconocerte cuando regreses y personalizar tus configuraciones y preferencias. La mayor\u00eda de los navegadores est\u00e1n configurados inicialmente para aceptar cookies. Puedes cambiar la configuraci\u00f3n de tu navegador para que te notifique cuando hayas recibido una cookie, o para rechazar aceptar cookies. Ten en cuenta que nuestra tienda de boletos para eventos puede no funcionar eficientemente si rechazas aceptar cookies.<\/p>\n<p>Tambi\u00e9n utilizamos Google Analytics para monitorear c\u00f3mo se usa la tienda de boletos para eventos. Google Analytics recopila informaci\u00f3n de forma an\u00f3nima y genera informes detallados sobre informaci\u00f3n como el n\u00famero de visitas a la tienda de boletos para eventos, de d\u00f3nde provienen los visitantes, cu\u00e1nto tiempo permanecen en la tienda de boletos para eventos y qu\u00e9 p\u00e1ginas visitaron. Google Analytics coloca varias cookies persistentes en el disco duro de tu computadora. Si no est\u00e1s de acuerdo con esto, puedes desactivar las cookies persistentes en tu navegador. Esto evitar\u00e1 que Google Analytics registre tus visitas.<\/p>\n<p><strong>Seguridad<\/strong><\/p>\n<p>Procesaremos tus datos personales de manera que se garantice la seguridad adecuada de los mismos, incluyendo la protecci\u00f3n contra el procesamiento no autorizado o ilegal y contra la p\u00e9rdida, destrucci\u00f3n o da\u00f1o accidental, utilizando medidas t\u00e9cnicas u organizativas adecuadas. Toda la informaci\u00f3n que nos proporciones se almacena en nuestros servidores seguros. Cualquier transacci\u00f3n de pago se cifra mediante tecnolog\u00eda SSL.<br \/>\nSi te hemos dado, o has elegido, una contrase\u00f1a, eres responsable de mantener esta contrase\u00f1a confidencial.<\/p>\n<p>Sin embargo, reconoces que ning\u00fan sistema puede ser completamente seguro. Por lo tanto, aunque tomamos estas medidas para proteger tus datos personales, no prometemos que tus datos personales siempre se mantendr\u00e1n completamente seguros.<\/p>\n<p><strong>Tus derechos<\/strong><\/p>\n<p>Tienes derecho a obtener de nosotros una copia de los datos personales que poseemos sobre ti y a exigirnos que corrijamos errores en los datos personales si son inexactos o est\u00e1n incompletos. Tambi\u00e9n tienes derecho en cualquier momento a solicitar que eliminemos tus datos personales. Para ejercer estos derechos, o cualquier otro derecho que puedas tener seg\u00fan las leyes aplicables, cont\u00e1ctanos en sandandstringsfest@gmail.com.<br \/>\nTen en cuenta que nos reservamos el derecho de cobrar una tarifa administrativa si tu solicitud es manifiestamente infundada o excesiva.<\/p>\n<p>Nuestra tienda de boletos para eventos puede contener enlaces a otros sitios de inter\u00e9s. Una vez que hayas utilizado estos enlaces para salir de nuestra tienda de boletos para eventos, debes tener en cuenta que no tenemos control sobre ese otro sitio. Por lo tanto, no podemos ser responsables de la protecci\u00f3n y privacidad de cualquier informaci\u00f3n que proporciones mientras visitas dichos sitios, y dichos sitios no est\u00e1n regidos por esta pol\u00edtica. Debes tener precauci\u00f3n y leer la pol\u00edtica de privacidad aplicable al sitio en cuesti\u00f3n.<\/p>\n<p><strong>Retenci\u00f3n<\/strong><\/p>\n<p>Si te registras con nosotros, conservaremos tus datos personales hasta que cierres tu cuenta.<br \/>\nSi recibes comunicaciones de marketing de nuestra parte, conservaremos tus datos personales hasta que te des de baja de dichas comunicaciones.<\/p>\n<p>Si has reservado un boleto o productos y servicios asociados con nosotros o nos has contactado con una pregunta o comentario, conservaremos tus datos personales durante 6 meses despu\u00e9s de dicho contacto para responder a cualquier consulta adicional que puedas tener.<\/p>\n<p><strong>General<\/strong><\/p>\n<p>Si un tribunal de jurisdicci\u00f3n competente declara inv\u00e1lida o inaplicable alguna disposici\u00f3n de esta pol\u00edtica, dicha disposici\u00f3n se interpretar\u00e1, lo m\u00e1s cerca posible, para reflejar las intenciones de las partes, y todas las dem\u00e1s disposiciones permanecer\u00e1n en pleno vigor y efecto.<\/p>\n<p>Esta pol\u00edtica se regir\u00e1 e interpretar\u00e1 de acuerdo con las leyes de los Estados Unidos de Am\u00e9rica, y aceptas someterte a la jurisdicci\u00f3n exclusiva de los tribunales de EE. UU.<br \/>\nPodemos cambiar los t\u00e9rminos de esta pol\u00edtica de vez en cuando. Eres responsable de revisar regularmente esta pol\u00edtica para que est\u00e9s al tanto de cualquier cambio. Si contin\u00faas usando nuestra tienda de boletos para eventos despu\u00e9s de la fecha en que indiquemos que los cambios entrar\u00e1n en vigor, habr\u00e1s aceptado los cambios.[\/vc_column_text][\/vc_column][\/vc_row]<\/p>\n<\/div>","protected":false},"excerpt":{"rendered":"<p>[vc_row full_width=\u00bbstretch_row\u00bb css=\u00bb.vc_custom_1732508739393{padding-top: 55px !important;padding-bottom: 55px !important;background-color: #2A2A2A !important;}\u00bb el_class=\u00bbrow-privacy-policy\u00bb][vc_column][vc_custom_heading text=\u00bbPOL\u00cdTICA DE PRIVACIDAD\u00bb font_container=\u00bbtag:h2|text_align:center\u00bb css=\u00bb\u00bb el_class=\u00bbcolor-white\u00bb][vc_empty_space height=\u00bb35px\u00bb][vc_column_text css=\u00bb\u00bb el_class=\u00bbcolor-white col-privacy-policy font-lato\u00bb]Introducci\u00f3n Esta pol\u00edtica establece c\u00f3mo recopilamos, procesamos y conservamos tus datos personales si visitas nuestra tienda de boletos para eventos o si nos proporcionas tus datos personales de alguna otra manera. Somos Sand &amp; Strings [&hellip;]<\/p>\n","protected":false},"author":2,"featured_media":0,"parent":0,"menu_order":0,"comment_status":"closed","ping_status":"open","template":"","meta":{"inline_featured_image":false,"ocean_post_layout":"","ocean_both_sidebars_style":"","ocean_both_sidebars_content_width":0,"ocean_both_sidebars_sidebars_width":0,"ocean_sidebar":"0","ocean_second_sidebar":"0","ocean_disable_margins":"enable","ocean_add_body_class":"","ocean_shortcode_before_top_bar":"","ocean_shortcode_after_top_bar":"","ocean_shortcode_before_header":"","ocean_shortcode_after_header":"","ocean_has_shortcode":"","ocean_shortcode_after_title":"","ocean_shortcode_before_footer_widgets":"","ocean_shortcode_after_footer_widgets":"","ocean_shortcode_before_footer_bottom":"","ocean_shortcode_after_footer_bottom":"","ocean_display_top_bar":"default","ocean_display_header":"default","ocean_header_style":"","ocean_center_header_left_menu":"0","ocean_custom_header_template":"0","ocean_custom_logo":0,"ocean_custom_retina_logo":0,"ocean_custom_logo_max_width":0,"ocean_custom_logo_tablet_max_width":0,"ocean_custom_logo_mobile_max_width":0,"ocean_custom_logo_max_height":0,"ocean_custom_logo_tablet_max_height":0,"ocean_custom_logo_mobile_max_height":0,"ocean_header_custom_menu":"0","ocean_menu_typo_font_family":"0","ocean_menu_typo_font_subset":"","ocean_menu_typo_font_size":0,"ocean_menu_typo_font_size_tablet":0,"ocean_menu_typo_font_size_mobile":0,"ocean_menu_typo_font_size_unit":"px","ocean_menu_typo_font_weight":"","ocean_menu_typo_font_weight_tablet":"","ocean_menu_typo_font_weight_mobile":"","ocean_menu_typo_transform":"","ocean_menu_typo_transform_tablet":"","ocean_menu_typo_transform_mobile":"","ocean_menu_typo_line_height":0,"ocean_menu_typo_line_height_tablet":0,"ocean_menu_typo_line_height_mobile":0,"ocean_menu_typo_line_height_unit":"","ocean_menu_typo_spacing":0,"ocean_menu_typo_spacing_tablet":0,"ocean_menu_typo_spacing_mobile":0,"ocean_menu_typo_spacing_unit":"","ocean_menu_link_color":"","ocean_menu_link_color_hover":"","ocean_menu_link_color_active":"","ocean_menu_link_background":"","ocean_menu_link_hover_background":"","ocean_menu_link_active_background":"","ocean_menu_social_links_bg":"","ocean_menu_social_hover_links_bg":"","ocean_menu_social_links_color":"","ocean_menu_social_hover_links_color":"","ocean_disable_title":"default","ocean_disable_heading":"default","ocean_post_title":"","ocean_post_subheading":"","ocean_post_title_style":"","ocean_post_title_background_color":"","ocean_post_title_background":0,"ocean_post_title_bg_image_position":"","ocean_post_title_bg_image_attachment":"","ocean_post_title_bg_image_repeat":"","ocean_post_title_bg_image_size":"","ocean_post_title_height":0,"ocean_post_title_bg_overlay":0.5,"ocean_post_title_bg_overlay_color":"","ocean_disable_breadcrumbs":"default","ocean_breadcrumbs_color":"","ocean_breadcrumbs_separator_color":"","ocean_breadcrumbs_links_color":"","ocean_breadcrumbs_links_hover_color":"","ocean_display_footer_widgets":"default","ocean_display_footer_bottom":"default","ocean_custom_footer_template":"1216","footnotes":""},"class_list":["post-1187","page","type-page","status-publish","hentry","entry"],"acf":[],"_links":{"self":[{"href":"https:\/\/sandandstringsfest.com\/es\/wp-json\/wp\/v2\/pages\/1187","targetHints":{"allow":["GET"]}}],"collection":[{"href":"https:\/\/sandandstringsfest.com\/es\/wp-json\/wp\/v2\/pages"}],"about":[{"href":"https:\/\/sandandstringsfest.com\/es\/wp-json\/wp\/v2\/types\/page"}],"author":[{"embeddable":true,"href":"https:\/\/sandandstringsfest.com\/es\/wp-json\/wp\/v2\/users\/2"}],"replies":[{"embeddable":true,"href":"https:\/\/sandandstringsfest.com\/es\/wp-json\/wp\/v2\/comments?post=1187"}],"version-history":[{"count":4,"href":"https:\/\/sandandstringsfest.com\/es\/wp-json\/wp\/v2\/pages\/1187\/revisions"}],"predecessor-version":[{"id":1390,"href":"https:\/\/sandandstringsfest.com\/es\/wp-json\/wp\/v2\/pages\/1187\/revisions\/1390"}],"wp:attachment":[{"href":"https:\/\/sandandstringsfest.com\/es\/wp-json\/wp\/v2\/media?parent=1187"}],"curies":[{"name":"wp","href":"https:\/\/api.w.org\/{rel}","templated":true}]}}