{"id":1167,"date":"2023-08-31T09:10:18","date_gmt":"2023-08-31T09:10:18","guid":{"rendered":"https:\/\/sandandstringsfest.com\/faq\/"},"modified":"2024-12-06T01:57:47","modified_gmt":"2024-12-06T01:57:47","slug":"faq","status":"publish","type":"page","link":"https:\/\/sandandstringsfest.com\/es\/faq\/","title":{"rendered":"PREGUNTAS FREQUENTES"},"content":{"rendered":"<div class=\"wpb-content-wrapper\"><p>[vc_row full_width=\u00bbstretch_row\u00bb css=\u00bb.vc_custom_1732505762333{padding-top: 55px !important;padding-bottom: 55px !important;background-color: #2A2A2A !important;}\u00bb el_class=\u00bbfaq-wrapp\u00bb][vc_column][vc_custom_heading text=\u00bbPREGUNTAS FREQUENTES\u00bb font_container=\u00bbtag:h2|text_align:center\u00bb google_fonts=\u00bbfont_family:Arvo%3Aregular%2Citalic%2C700%2C700italic|font_style:400%20regular%3A400%3Anormal\u00bb css=\u00bb\u00bb el_class=\u00bbfaq-title\u00bb][vc_row_inner equal_height=\u00bbyes\u00bb content_placement=\u00bbtop\u00bb el_class=\u00bbrow-faq row-max-1000&#8243; css=\u00bb.vc_custom_1733450265551{margin-top: 50px !important;}\u00bb el_id=\u00bbfaq-vip-tickets\u00bb][vc_column_inner el_class=\u00bbcolumn-left\u00bb width=\u00bb1\/6&#8243;][vc_single_image image=\u00bb996&#8243; img_size=\u00bbfull\u00bb css=\u00bb\u00bb el_class=\u00bbimg-faq\u00bb][\/vc_column_inner][vc_column_inner el_class=\u00bbcolumn-right\u00bb width=\u00bb5\/6&#8243;][vc_custom_heading text=\u00bb\u00bfQu\u00e9 incluyen los boletos de Entrada General y VIP?\u00bb font_container=\u00bbtag:h3|text_align:left\u00bb use_theme_fonts=\u00bbyes\u00bb css=\u00bb\u00bb][vc_column_text css=\u00bb\u00bb]<em>Un boleto de Entrada General te da acceso a todo el recinto del festival, incluyendo ambos escenarios, excepto las \u00e1reas VIP. Al comprar un boleto VIP, disfrutar\u00e1s de asientos en mesa en una zona elevada y con sombra en el jard\u00edn central, con una vista privilegiada, adem\u00e1s de acceso a un bar completo y un buffet con servicio de catering. Los asistentes VIP pueden moverse libremente por el festival.<\/em>[\/vc_column_text][\/vc_column_inner][\/vc_row_inner][vc_row_inner equal_height=\u00bbyes\u00bb content_placement=\u00bbtop\u00bb el_class=\u00bbrow-faq row-max-1000&#8243; css=\u00bb.vc_custom_1733450260362{margin-top: 20px !important;}\u00bb][vc_column_inner el_class=\u00bbcolumn-left\u00bb width=\u00bb1\/6&#8243;][vc_single_image image=\u00bb996&#8243; img_size=\u00bbfull\u00bb css=\u00bb\u00bb el_class=\u00bbimg-faq\u00bb][\/vc_column_inner][vc_column_inner el_class=\u00bbcolumn-right\u00bb width=\u00bb5\/6&#8243;][vc_custom_heading text=\u00bb\u00bfSe permite a los asistentes llevar sillas de jard\u00edn o de playa al festival?\u00bb font_container=\u00bbtag:h3|text_align:left\u00bb use_theme_fonts=\u00bbyes\u00bb css=\u00bb\u00bb][vc_column_text css=\u00bb\u00bb]<em>S\u00ed, sin embargo, pedimos que sean respetuosos con el espacio de los dem\u00e1s y mantengan un ojo atento en sus sillas. El festival no se har\u00e1 responsable por sillas perdidas (o cualquier otro art\u00edculo, en ese caso).<\/em>[\/vc_column_text][\/vc_column_inner][\/vc_row_inner][vc_row_inner equal_height=\u00bbyes\u00bb content_placement=\u00bbtop\u00bb el_class=\u00bbrow-faq row-max-1000&#8243; css=\u00bb.vc_custom_1695123244558{margin-top: 20px !important;}\u00bb][vc_column_inner el_class=\u00bbcolumn-left\u00bb width=\u00bb1\/6&#8243;][vc_single_image image=\u00bb996&#8243; img_size=\u00bbfull\u00bb css=\u00bb\u00bb el_class=\u00bbimg-faq\u00bb][\/vc_column_inner][vc_column_inner el_class=\u00bbcolumn-right\u00bb width=\u00bb5\/6&#8243;][vc_custom_heading text=\u00bb\u00bfEl festival ofrece estacionamiento para los invitados?\u00bb font_container=\u00bbtag:h3|text_align:left\u00bb use_theme_fonts=\u00bbyes\u00bb css=\u00bb\u00bb][vc_column_text css=\u00bb\u00bb]<em>Estamos trabajando en proporcionar instalaciones adecuadas, pero ten en cuenta que el estacionamiento en Sayulita es limitado. Te recomendamos altamente quedarte en el pueblo durante el fin de semana y moverte a pie o rentar un carrito de golf para desplazarte.<\/em>[\/vc_column_text][\/vc_column_inner][\/vc_row_inner][vc_row_inner equal_height=\u00bbyes\u00bb content_placement=\u00bbtop\u00bb el_class=\u00bbrow-faq row-max-1000&#8243; css=\u00bb.vc_custom_1695123244558{margin-top: 20px !important;}\u00bb][vc_column_inner el_class=\u00bbcolumn-left\u00bb width=\u00bb1\/6&#8243;][vc_single_image image=\u00bb996&#8243; img_size=\u00bbfull\u00bb css=\u00bb\u00bb el_class=\u00bbimg-faq\u00bb][\/vc_column_inner][vc_column_inner el_class=\u00bbcolumn-right\u00bb width=\u00bb5\/6&#8243;][vc_custom_heading text=\u00bb\u00bfSe permiten perros u otras mascotas dentro del recinto del festival?\u00bb font_container=\u00bbtag:h3|text_align:left\u00bb use_theme_fonts=\u00bbyes\u00bb css=\u00bb\u00bb][vc_column_text css=\u00bb\u00bb]<em>No. Para este evento pedimos que los asistentes dejen a sus amigos peludos en casa. La presencia de muchos perros y personas, incluyendo ni\u00f1os peque\u00f1os, en un espacio confinado parece una receta para el desastre, y queremos evitar que alguien salga lastimado. \u00a1Por favor, dejen a sus perros en casa!<\/em>[\/vc_column_text][\/vc_column_inner][\/vc_row_inner][vc_row_inner equal_height=\u00bbyes\u00bb content_placement=\u00bbtop\u00bb el_class=\u00bbrow-faq row-max-1000&#8243; css=\u00bb.vc_custom_1695123244558{margin-top: 20px !important;}\u00bb][vc_column_inner el_class=\u00bbcolumn-left\u00bb width=\u00bb1\/6&#8243;][vc_single_image image=\u00bb996&#8243; img_size=\u00bbfull\u00bb css=\u00bb\u00bb el_class=\u00bbimg-faq\u00bb][\/vc_column_inner][vc_column_inner el_class=\u00bbcolumn-right\u00bb width=\u00bb5\/6&#8243;][vc_custom_heading text=\u00bb\u00bfSe permite ingresar comida y bebidas del exterior (incluyendo alcohol) al recinto del festival?\u00bb font_container=\u00bbtag:h3|text_align:left\u00bb use_theme_fonts=\u00bbyes\u00bb css=\u00bb\u00bb][vc_column_text css=\u00bb\u00bb]<em>No. Hemos seleccionado cuidadosamente a un grupo de excelentes proveedores locales de alimentos y bebidas para que elijas. Los precios ser\u00e1n accesibles y te animamos a probar estas opciones culinarias, que van desde platillos tradicionales mexicanos hasta jugosas hamburguesas artesanales, como parte de la experiencia del festival. Tambi\u00e9n habr\u00e1 muchas opciones vegetarianas y veganas.<\/em>[\/vc_column_text][\/vc_column_inner][\/vc_row_inner][vc_row_inner equal_height=\u00bbyes\u00bb content_placement=\u00bbtop\u00bb el_class=\u00bbrow-faq row-max-1000&#8243; css=\u00bb.vc_custom_1695123244558{margin-top: 20px !important;}\u00bb][vc_column_inner el_class=\u00bbcolumn-left\u00bb width=\u00bb1\/6&#8243;][vc_single_image image=\u00bb996&#8243; img_size=\u00bbfull\u00bb css=\u00bb\u00bb el_class=\u00bbimg-faq\u00bb][\/vc_column_inner][vc_column_inner el_class=\u00bbcolumn-right\u00bb width=\u00bb5\/6&#8243;][vc_custom_heading text=\u00bbEntendido. \u00bfY c\u00f3mo compro comida y bebidas una vez dentro?\u00bb font_container=\u00bbtag:h3|text_align:left\u00bb use_theme_fonts=\u00bbyes\u00bb css=\u00bb\u00bb][vc_column_text css=\u00bb\u00bb]<em>Los asistentes con boleto de Entrada General pueden comprar comida y bebidas en los puestos de estilo food truck, que aceptar\u00e1n efectivo o tarjetas de cr\u00e9dito principales. Los asistentes con boleto VIP pueden servirse del buffet designado y pedir bebidas en el bar, o tambi\u00e9n pueden comprar refrescos en los puestos de estilo food truck en la secci\u00f3n de Entrada General.<\/em>[\/vc_column_text][\/vc_column_inner][\/vc_row_inner][vc_row_inner equal_height=\u00bbyes\u00bb content_placement=\u00bbtop\u00bb el_class=\u00bbrow-faq row-max-1000&#8243; css=\u00bb.vc_custom_1695123244558{margin-top: 20px !important;}\u00bb][vc_column_inner el_class=\u00bbcolumn-left\u00bb width=\u00bb1\/6&#8243;][vc_single_image image=\u00bb996&#8243; img_size=\u00bbfull\u00bb css=\u00bb\u00bb el_class=\u00bbimg-faq\u00bb][\/vc_column_inner][vc_column_inner el_class=\u00bbcolumn-right\u00bb width=\u00bb5\/6&#8243;][vc_custom_heading text=\u00bb\u00bfY qu\u00e9 hay de la mercanc\u00eda? \u00bfC\u00f3mo puedo comprarla?\u00bb font_container=\u00bbtag:h3|text_align:left\u00bb use_theme_fonts=\u00bbyes\u00bb css=\u00bb\u00bb][vc_column_text css=\u00bb\u00bb]<em>Nuestra mesa de mercanc\u00eda aceptar\u00e1 efectivo y todas las tarjetas de cr\u00e9dito principales. Habr\u00e1 tanto mercanc\u00eda del festival como de las bandas disponibles, y te animamos a apoyarnos a nosotros y a los artistas de esta manera.<\/em>[\/vc_column_text][\/vc_column_inner][\/vc_row_inner][vc_row_inner equal_height=\u00bbyes\u00bb content_placement=\u00bbtop\u00bb el_class=\u00bbrow-faq row-max-1000&#8243; css=\u00bb.vc_custom_1695123244558{margin-top: 20px !important;}\u00bb][vc_column_inner el_class=\u00bbcolumn-left\u00bb width=\u00bb1\/6&#8243;][vc_single_image image=\u00bb996&#8243; img_size=\u00bbfull\u00bb css=\u00bb\u00bb el_class=\u00bbimg-faq\u00bb][\/vc_column_inner][vc_column_inner el_class=\u00bbcolumn-right\u00bb width=\u00bb5\/6&#8243;][vc_custom_heading text=\u00bb\u00bfContar\u00e1n con personal de seguridad durante el festival?\u00bb font_container=\u00bbtag:h3|text_align:left\u00bb use_theme_fonts=\u00bbyes\u00bb css=\u00bb\u00bb][vc_column_text css=\u00bb\u00bb]<em>Por supuesto. Un equipo completo de seguridad estar\u00e1 monitoreando constantemente el recinto del festival, tanto por dentro como por fuera, para garantizar la seguridad de todos y atender cualquier incidente. Habr\u00e1 un profesional de salud con licencia y un puesto de primeros auxilios en el lugar, adem\u00e1s de una ambulancia estacionada afuera por si ocurre una lesi\u00f3n o enfermedad grave. \u00a1Ay\u00fadanos actuando con responsabilidad para asegurar el bienestar de todos durante el fin de semana!<\/em>[\/vc_column_text][\/vc_column_inner][\/vc_row_inner][vc_row_inner equal_height=\u00bbyes\u00bb content_placement=\u00bbtop\u00bb el_class=\u00bbrow-faq row-max-1000&#8243; css=\u00bb.vc_custom_1695123244558{margin-top: 20px !important;}\u00bb][vc_column_inner el_class=\u00bbcolumn-left\u00bb width=\u00bb1\/6&#8243;][vc_single_image image=\u00bb996&#8243; img_size=\u00bbfull\u00bb css=\u00bb\u00bb el_class=\u00bbimg-faq\u00bb][\/vc_column_inner][vc_column_inner el_class=\u00bbcolumn-right\u00bb width=\u00bb5\/6&#8243;][vc_custom_heading text=\u00bb\u00bfEste festival va a destruir el pueblo y causar da\u00f1os irreparables al medio ambiente local?\u00bb font_container=\u00bbtag:h3|text_align:left\u00bb use_theme_fonts=\u00bbyes\u00bb css=\u00bb\u00bb][vc_column_text css=\u00bb\u00bb]<em>En absoluto. Estamos trabajando estrechamente con la organizaci\u00f3n ambiental Azul Sayu, dirigida por residentes de Sayulita de larga data que se preocupan por el medio ambiente, para asegurar pr\u00e1cticas sostenibles. Estamos adoptando un enfoque \u201chol\u00edstico\u201d que considera cuidadosamente los pros y los contras de cada decisi\u00f3n que tomamos, desde perspectivas ambientales, sociales y econ\u00f3micas. Creemos que este festival peque\u00f1o seguir\u00e1 atrayendo a un grupo de amantes de la m\u00fasica social y ambientalmente conscientes que apoyan las artes y las iniciativas progresistas de base, en M\u00e9xico y m\u00e1s all\u00e1, fortaleciendo la reputaci\u00f3n y la relevancia cultural del pueblo.<\/em>[\/vc_column_text][\/vc_column_inner][\/vc_row_inner][vc_row_inner equal_height=\u00bbyes\u00bb content_placement=\u00bbtop\u00bb el_class=\u00bbrow-faq row-max-1000&#8243; css=\u00bb.vc_custom_1695123244558{margin-top: 20px !important;}\u00bb][vc_column_inner el_class=\u00bbcolumn-left\u00bb width=\u00bb1\/6&#8243;][vc_single_image image=\u00bb996&#8243; img_size=\u00bbfull\u00bb css=\u00bb\u00bb el_class=\u00bbimg-faq\u00bb][\/vc_column_inner][vc_column_inner el_class=\u00bbcolumn-right\u00bb width=\u00bb5\/6&#8243;][vc_custom_heading text=\u00bb\u00bfPuedo grabar videos y tomar fotos de las presentaciones?\u00bb font_container=\u00bbtag:h3|text_align:left\u00bb use_theme_fonts=\u00bbyes\u00bb css=\u00bb\u00bb][vc_column_text css=\u00bb\u00bb]<em>S\u00ed, siempre y cuando mantengas estas im\u00e1genes para tu uso personal (es decir, no comercial). \u00a1Te animamos a compartir tus videos y fotos en tus perfiles de redes sociales usando el hashtag #SANDANDSTRINGSFEST para que todos tus amigos y seguidores sepan lo incre\u00edble que la est\u00e1s pasando!<\/em>[\/vc_column_text][\/vc_column_inner][\/vc_row_inner][vc_row_inner equal_height=\u00bbyes\u00bb content_placement=\u00bbtop\u00bb el_class=\u00bbrow-faq row-max-1000&#8243; css=\u00bb.vc_custom_1695123244558{margin-top: 20px !important;}\u00bb][vc_column_inner el_class=\u00bbcolumn-left\u00bb width=\u00bb1\/6&#8243;][vc_single_image image=\u00bb996&#8243; img_size=\u00bbfull\u00bb css=\u00bb\u00bb el_class=\u00bbimg-faq\u00bb][\/vc_column_inner][vc_column_inner el_class=\u00bbcolumn-right\u00bb width=\u00bb5\/6&#8243;][vc_custom_heading text=\u00bb\u00bfHay campamentos disponibles en el Sand &amp; Strings Music Festival?\u00bb font_container=\u00bbtag:h3|text_align:left\u00bb use_theme_fonts=\u00bbyes\u00bb css=\u00bb\u00bb][vc_column_text css=\u00bb\u00bb]<em>Hay varios campamentos ubicados a poca distancia a pie del recinto del festival. Sin embargo, no tenemos ninguna asociaci\u00f3n con ellos y no podemos opinar sobre la calidad de esos alojamientos. No se permite acampar dentro del recinto del festival.<\/em>[\/vc_column_text][\/vc_column_inner][\/vc_row_inner][vc_row_inner equal_height=\u00bbyes\u00bb content_placement=\u00bbtop\u00bb el_class=\u00bbrow-faq row-max-1000&#8243; css=\u00bb.vc_custom_1695123244558{margin-top: 20px !important;}\u00bb][vc_column_inner el_class=\u00bbcolumn-left\u00bb width=\u00bb1\/6&#8243;][vc_single_image image=\u00bb996&#8243; img_size=\u00bbfull\u00bb css=\u00bb\u00bb el_class=\u00bbimg-faq\u00bb][\/vc_column_inner][vc_column_inner el_class=\u00bbcolumn-right\u00bb width=\u00bb5\/6&#8243;][vc_custom_heading text=\u00bb\u00bfSe permite la reentrada al festival? Si decido salir del recinto del festival para darme un chapuz\u00f3n en el agua o caminar por la playa, \u00bfpuedo volver a entrar sin problema?\u00bb font_container=\u00bbtag:h3|text_align:left\u00bb use_theme_fonts=\u00bbyes\u00bb css=\u00bb\u00bb][vc_column_text css=\u00bb\u00bb]<em>S\u00ed. Todos los asistentes recibir\u00e1n una pulsera oficial del festival que les permitir\u00e1 volver a entrar al recinto el d\u00eda correspondiente. Estas pulseras son de diferentes colores, dependiendo de si compras un boleto de 1 d\u00eda o de 2 d\u00edas. Todo esto se explicar\u00e1 claramente en el correo electr\u00f3nico que recibir\u00e1s al comprar tus boletos.<\/em>[\/vc_column_text][\/vc_column_inner][\/vc_row_inner][vc_row_inner equal_height=\u00bbyes\u00bb content_placement=\u00bbtop\u00bb el_class=\u00bbrow-faq row-max-1000&#8243; css=\u00bb.vc_custom_1695123244558{margin-top: 20px !important;}\u00bb][vc_column_inner el_class=\u00bbcolumn-left\u00bb width=\u00bb1\/6&#8243;][vc_single_image image=\u00bb996&#8243; img_size=\u00bbfull\u00bb css=\u00bb\u00bb el_class=\u00bbimg-faq\u00bb][\/vc_column_inner][vc_column_inner el_class=\u00bbcolumn-right\u00bb width=\u00bb5\/6&#8243;][vc_custom_heading text=\u00bb\u00bfSiguen aceptando propuestas de artistas para el festival de este a\u00f1o?\u00bb font_container=\u00bbtag:h3|text_align:left\u00bb use_theme_fonts=\u00bbyes\u00bb css=\u00bb\u00bb][vc_column_text css=\u00bb\u00bb]<em>El cartel ha estado en desarrollo durante muchos meses y est\u00e1 pr\u00e1cticamente definido. Sin embargo, siempre est\u00e1 la posibilidad para el pr\u00f3ximo a\u00f1o, y recibimos propuestas en cualquier momento a trav\u00e9s del correo electr\u00f3nico <a href=\"mailto:sandandstringsfest@gmail.com\">sandandstringsfest@gmail.com<\/a>.<\/em>[\/vc_column_text][\/vc_column_inner][\/vc_row_inner][vc_empty_space height=\u00bb35px\u00bb][vc_custom_heading text=\u00bb\u00bfNO ENCONTRASTE LA RESPUESTA QUE BUSCABAS?\u00bb font_container=\u00bbtag:h4|text_align:center\u00bb use_theme_fonts=\u00bbyes\u00bb css=\u00bb\u00bb][vc_empty_space height=\u00bb25px\u00bb][vc_column_text css=\u00bb\u00bb el_class=\u00bbtext-contact-us\u00bb]<\/p>\n<p style=\"text-align: center;\"><a href=\"https:\/\/sandandstringsfest.com\/es\/contact\/\"><strong>CONT\u00c1CTANOS<\/strong><\/a>. TE RESPONDEREMOS LO ANTES POSIBLE.<\/p>\n<p>[\/vc_column_text][\/vc_column][\/vc_row]<\/p>\n<\/div>","protected":false},"excerpt":{"rendered":"<p>[vc_row full_width=\u00bbstretch_row\u00bb css=\u00bb.vc_custom_1732505762333{padding-top: 55px !important;padding-bottom: 55px !important;background-color: #2A2A2A !important;}\u00bb el_class=\u00bbfaq-wrapp\u00bb][vc_column][vc_custom_heading text=\u00bbPREGUNTAS FREQUENTES\u00bb font_container=\u00bbtag:h2|text_align:center\u00bb google_fonts=\u00bbfont_family:Arvo%3Aregular%2Citalic%2C700%2C700italic|font_style:400%20regular%3A400%3Anormal\u00bb css=\u00bb\u00bb el_class=\u00bbfaq-title\u00bb][vc_row_inner equal_height=\u00bbyes\u00bb content_placement=\u00bbtop\u00bb el_class=\u00bbrow-faq row-max-1000&#8243; css=\u00bb.vc_custom_1733450265551{margin-top: 50px !important;}\u00bb el_id=\u00bbfaq-vip-tickets\u00bb][vc_column_inner el_class=\u00bbcolumn-left\u00bb width=\u00bb1\/6&#8243;][vc_single_image image=\u00bb996&#8243; img_size=\u00bbfull\u00bb css=\u00bb\u00bb el_class=\u00bbimg-faq\u00bb][\/vc_column_inner][vc_column_inner el_class=\u00bbcolumn-right\u00bb width=\u00bb5\/6&#8243;][vc_custom_heading text=\u00bb\u00bfQu\u00e9 incluyen los boletos de Entrada General y VIP?\u00bb font_container=\u00bbtag:h3|text_align:left\u00bb use_theme_fonts=\u00bbyes\u00bb css=\u00bb\u00bb][vc_column_text css=\u00bb\u00bb]Un boleto de Entrada General te da acceso a todo el [&hellip;]<\/p>\n","protected":false},"author":1,"featured_media":0,"parent":0,"menu_order":0,"comment_status":"closed","ping_status":"closed","template":"","meta":{"inline_featured_image":false,"ocean_post_layout":"","ocean_both_sidebars_style":"","ocean_both_sidebars_content_width":0,"ocean_both_sidebars_sidebars_width":0,"ocean_sidebar":"0","ocean_second_sidebar":"0","ocean_disable_margins":"on","ocean_add_body_class":"","ocean_shortcode_before_top_bar":"","ocean_shortcode_after_top_bar":"","ocean_shortcode_before_header":"","ocean_shortcode_after_header":"","ocean_has_shortcode":"","ocean_shortcode_after_title":"","ocean_shortcode_before_footer_widgets":"","ocean_shortcode_after_footer_widgets":"","ocean_shortcode_before_footer_bottom":"","ocean_shortcode_after_footer_bottom":"","ocean_display_top_bar":"default","ocean_display_header":"default","ocean_header_style":"","ocean_center_header_left_menu":"0","ocean_custom_header_template":"0","ocean_custom_logo":0,"ocean_custom_retina_logo":0,"ocean_custom_logo_max_width":0,"ocean_custom_logo_tablet_max_width":0,"ocean_custom_logo_mobile_max_width":0,"ocean_custom_logo_max_height":0,"ocean_custom_logo_tablet_max_height":0,"ocean_custom_logo_mobile_max_height":0,"ocean_header_custom_menu":"0","ocean_menu_typo_font_family":"0","ocean_menu_typo_font_subset":"","ocean_menu_typo_font_size":0,"ocean_menu_typo_font_size_tablet":0,"ocean_menu_typo_font_size_mobile":0,"ocean_menu_typo_font_size_unit":"px","ocean_menu_typo_font_weight":"","ocean_menu_typo_font_weight_tablet":"","ocean_menu_typo_font_weight_mobile":"","ocean_menu_typo_transform":"","ocean_menu_typo_transform_tablet":"","ocean_menu_typo_transform_mobile":"","ocean_menu_typo_line_height":0,"ocean_menu_typo_line_height_tablet":0,"ocean_menu_typo_line_height_mobile":0,"ocean_menu_typo_line_height_unit":"","ocean_menu_typo_spacing":0,"ocean_menu_typo_spacing_tablet":0,"ocean_menu_typo_spacing_mobile":0,"ocean_menu_typo_spacing_unit":"","ocean_menu_link_color":"","ocean_menu_link_color_hover":"","ocean_menu_link_color_active":"","ocean_menu_link_background":"","ocean_menu_link_hover_background":"","ocean_menu_link_active_background":"","ocean_menu_social_links_bg":"","ocean_menu_social_hover_links_bg":"","ocean_menu_social_links_color":"","ocean_menu_social_hover_links_color":"","ocean_disable_title":"default","ocean_disable_heading":"default","ocean_post_title":"","ocean_post_subheading":"","ocean_post_title_style":"","ocean_post_title_background_color":"","ocean_post_title_background":0,"ocean_post_title_bg_image_position":"","ocean_post_title_bg_image_attachment":"","ocean_post_title_bg_image_repeat":"","ocean_post_title_bg_image_size":"","ocean_post_title_height":0,"ocean_post_title_bg_overlay":0.5,"ocean_post_title_bg_overlay_color":"","ocean_disable_breadcrumbs":"default","ocean_breadcrumbs_color":"","ocean_breadcrumbs_separator_color":"","ocean_breadcrumbs_links_color":"","ocean_breadcrumbs_links_hover_color":"","ocean_display_footer_widgets":"default","ocean_display_footer_bottom":"default","ocean_custom_footer_template":"1216","footnotes":""},"class_list":["post-1167","page","type-page","status-publish","hentry","entry"],"acf":[],"_links":{"self":[{"href":"https:\/\/sandandstringsfest.com\/es\/wp-json\/wp\/v2\/pages\/1167","targetHints":{"allow":["GET"]}}],"collection":[{"href":"https:\/\/sandandstringsfest.com\/es\/wp-json\/wp\/v2\/pages"}],"about":[{"href":"https:\/\/sandandstringsfest.com\/es\/wp-json\/wp\/v2\/types\/page"}],"author":[{"embeddable":true,"href":"https:\/\/sandandstringsfest.com\/es\/wp-json\/wp\/v2\/users\/1"}],"replies":[{"embeddable":true,"href":"https:\/\/sandandstringsfest.com\/es\/wp-json\/wp\/v2\/comments?post=1167"}],"version-history":[{"count":6,"href":"https:\/\/sandandstringsfest.com\/es\/wp-json\/wp\/v2\/pages\/1167\/revisions"}],"predecessor-version":[{"id":1405,"href":"https:\/\/sandandstringsfest.com\/es\/wp-json\/wp\/v2\/pages\/1167\/revisions\/1405"}],"wp:attachment":[{"href":"https:\/\/sandandstringsfest.com\/es\/wp-json\/wp\/v2\/media?parent=1167"}],"curies":[{"name":"wp","href":"https:\/\/api.w.org\/{rel}","templated":true}]}}